{"id":3202,"date":"2023-10-23T12:02:56","date_gmt":"2023-10-23T10:02:56","guid":{"rendered":"https:\/\/john-furiga-mo.com\/?page_id=3202"},"modified":"2024-11-07T09:50:29","modified_gmt":"2024-11-07T08:50:29","slug":"projets-en-cours-realisations","status":"publish","type":"page","link":"https:\/\/john-furiga-moe.fr\/index.php\/projets-en-cours-realisations\/","title":{"rendered":"Projets r\u00e9alis\u00e9es"},"content":{"rendered":"\n<div style=\"height:95px\" aria-hidden=\"true\" class=\"wp-block-spacer\"><\/div>\n\n\n\n<div style=\"height:25px\" aria-hidden=\"true\" class=\"wp-block-spacer\"><\/div>\n\n\n\n<div style=\"height:25px\" aria-hidden=\"true\" class=\"wp-block-spacer\"><\/div>\n\n\n\n<h3 class=\"wp-block-heading has-text-align-center\">Projets <strong>R\u00e9alis\u00e9es<\/strong><\/h3>\n\n\n\n<p class=\"has-text-align-center\">D\u00e9couvrez le r\u00e9sultat de nos r\u00e9novations avec un aper\u00e7u des projets avant et apr\u00e8s les travaux. <\/p>\n\n\n\n<div style=\"height:20px\" aria-hidden=\"true\" class=\"wp-block-spacer\"><\/div>\n\n\n\n\t\t\t<div class=\"wp-block-uagb-post-carousel uagb-post-grid  uagb-post__image-position-top uagb-post__image-enabled uagb-block-9fee9a22     uagb-post__arrow-outside uagb-slick-carousel uagb-post__items uagb-post__columns-3 is-carousel uagb-post__columns-tablet-2 uagb-post__columns-mobile-1 uagb-post__carousel_equal-height\" data-total=\"1\" style=\"\">\n\n\t\t\t\t\t\t\t\t\t\t\t\t<article class=\"uagb-post__inner-wrap\">\t\t\t\t\t\t\t\t<div class='uagb-post__image'>\n\t\t\t\t\t\t\t\t\t<a href=\"https:\/\/john-furiga-moe.fr\/index.php\/2023\/10\/23\/schirmeck-rue-de-labreuvoir\/\" target=\"_self\" rel=\"bookmark noopener noreferrer\"><img fetchpriority=\"high\" decoding=\"async\" width=\"1024\" height=\"770\" src=\"https:\/\/john-furiga-moe.fr\/wp-content\/uploads\/2023\/10\/1-1-1024x770.jpg\" class=\"attachment-large size-large\" alt=\"\" srcset=\"https:\/\/john-furiga-moe.fr\/wp-content\/uploads\/2023\/10\/1-1-1024x770.jpg 1024w, https:\/\/john-furiga-moe.fr\/wp-content\/uploads\/2023\/10\/1-1-300x226.jpg 300w, https:\/\/john-furiga-moe.fr\/wp-content\/uploads\/2023\/10\/1-1-768x578.jpg 768w, https:\/\/john-furiga-moe.fr\/wp-content\/uploads\/2023\/10\/1-1-1536x1156.jpg 1536w, https:\/\/john-furiga-moe.fr\/wp-content\/uploads\/2023\/10\/1-1-2048x1541.jpg 2048w\" sizes=\"(max-width: 1024px) 100vw, 1024px\" \/>\t\t\t\t\t<\/a>\n\t\t\t\t\t\t\t\t\t<\/div>\n\t\t\t\t\t\t<h6 class=\"uagb-post__title uagb-post__text\">\n\t\t\t\t<a href=\"https:\/\/john-furiga-moe.fr\/index.php\/2023\/10\/23\/schirmeck-rue-de-labreuvoir\/\" target=\"_self\" rel=\"bookmark noopener noreferrer\">SCHIRMECK &#8211; Rue de l&rsquo;abreuvoir<\/a>\n\t\t\t<\/h6>\n\t\t\t\t\t\t<div class='uagb-post__text uagb-post-grid-byline'>\n\t\t\t\t\t\t\t<\/div>\n\t\t\t\n\t\t\t\t\t\t\t\t\t<\/article>\n\t\t\t\t\t\t\t\t\t\t\t\t\t\t\t\t<article class=\"uagb-post__inner-wrap\">\t\t\t\t\t\t\t\t<div class='uagb-post__image'>\n\t\t\t\t\t\t\t\t\t<a href=\"https:\/\/john-furiga-moe.fr\/index.php\/2023\/10\/23\/natzwiller-rue-principale\/\" target=\"_self\" rel=\"bookmark noopener noreferrer\"><img decoding=\"async\" width=\"1024\" height=\"768\" src=\"https:\/\/john-furiga-moe.fr\/wp-content\/uploads\/2023\/10\/0_1-1024x768.jpg\" class=\"attachment-large size-large\" alt=\"\" srcset=\"https:\/\/john-furiga-moe.fr\/wp-content\/uploads\/2023\/10\/0_1-1024x768.jpg 1024w, https:\/\/john-furiga-moe.fr\/wp-content\/uploads\/2023\/10\/0_1-300x225.jpg 300w, https:\/\/john-furiga-moe.fr\/wp-content\/uploads\/2023\/10\/0_1-768x576.jpg 768w, https:\/\/john-furiga-moe.fr\/wp-content\/uploads\/2023\/10\/0_1-1536x1153.jpg 1536w, https:\/\/john-furiga-moe.fr\/wp-content\/uploads\/2023\/10\/0_1-2048x1537.jpg 2048w\" sizes=\"(max-width: 1024px) 100vw, 1024px\" \/>\t\t\t\t\t<\/a>\n\t\t\t\t\t\t\t\t\t<\/div>\n\t\t\t\t\t\t<h6 class=\"uagb-post__title uagb-post__text\">\n\t\t\t\t<a href=\"https:\/\/john-furiga-moe.fr\/index.php\/2023\/10\/23\/natzwiller-rue-principale\/\" target=\"_self\" rel=\"bookmark noopener noreferrer\">NATZWILLER &#8211; Rue principale<\/a>\n\t\t\t<\/h6>\n\t\t\t\t\t\t<div class='uagb-post__text uagb-post-grid-byline'>\n\t\t\t\t\t\t\t<\/div>\n\t\t\t\n\t\t\t\t\t\t\t\t\t<\/article>\n\t\t\t\t\t\t\t\t\t\t\t\t\t\t\t\t<article class=\"uagb-post__inner-wrap\">\t\t\t\t\t\t\t\t<div class='uagb-post__image'>\n\t\t\t\t\t\t\t\t\t<a href=\"https:\/\/john-furiga-moe.fr\/index.php\/2023\/10\/23\/schirmeck-route-de-barembach\/\" target=\"_self\" rel=\"bookmark noopener noreferrer\"><img decoding=\"async\" width=\"1024\" height=\"768\" src=\"https:\/\/john-furiga-moe.fr\/wp-content\/uploads\/2023\/10\/IMG_5061-1024x768.jpg\" class=\"attachment-large size-large\" alt=\"\" srcset=\"https:\/\/john-furiga-moe.fr\/wp-content\/uploads\/2023\/10\/IMG_5061-1024x768.jpg 1024w, https:\/\/john-furiga-moe.fr\/wp-content\/uploads\/2023\/10\/IMG_5061-300x225.jpg 300w, https:\/\/john-furiga-moe.fr\/wp-content\/uploads\/2023\/10\/IMG_5061-768x576.jpg 768w, https:\/\/john-furiga-moe.fr\/wp-content\/uploads\/2023\/10\/IMG_5061-1536x1152.jpg 1536w, https:\/\/john-furiga-moe.fr\/wp-content\/uploads\/2023\/10\/IMG_5061-2048x1536.jpg 2048w\" sizes=\"(max-width: 1024px) 100vw, 1024px\" \/>\t\t\t\t\t<\/a>\n\t\t\t\t\t\t\t\t\t<\/div>\n\t\t\t\t\t\t<h6 class=\"uagb-post__title uagb-post__text\">\n\t\t\t\t<a href=\"https:\/\/john-furiga-moe.fr\/index.php\/2023\/10\/23\/schirmeck-route-de-barembach\/\" target=\"_self\" rel=\"bookmark noopener noreferrer\">SCHIRMECK &#8211; Route de Barembach<\/a>\n\t\t\t<\/h6>\n\t\t\t\t\t\t<div class='uagb-post__text uagb-post-grid-byline'>\n\t\t\t\t\t\t\t<\/div>\n\t\t\t\n\t\t\t\t\t\t\t\t\t<\/article>\n\t\t\t\t\t\t\t\t\t\t\t\t\t\t\t\t<article class=\"uagb-post__inner-wrap\">\t\t\t\t\t\t\t\t<div class='uagb-post__image'>\n\t\t\t\t\t\t\t\t\t<a href=\"https:\/\/john-furiga-moe.fr\/index.php\/2023\/10\/23\/schirmeck-sanatorium\/\" target=\"_self\" rel=\"bookmark noopener noreferrer\"><img loading=\"lazy\" decoding=\"async\" width=\"1024\" height=\"768\" src=\"https:\/\/john-furiga-moe.fr\/wp-content\/uploads\/2023\/10\/IMG_1920-1024x768.jpg\" class=\"attachment-large size-large\" alt=\"\" srcset=\"https:\/\/john-furiga-moe.fr\/wp-content\/uploads\/2023\/10\/IMG_1920-1024x768.jpg 1024w, https:\/\/john-furiga-moe.fr\/wp-content\/uploads\/2023\/10\/IMG_1920-300x225.jpg 300w, https:\/\/john-furiga-moe.fr\/wp-content\/uploads\/2023\/10\/IMG_1920-768x576.jpg 768w, https:\/\/john-furiga-moe.fr\/wp-content\/uploads\/2023\/10\/IMG_1920-1536x1152.jpg 1536w, https:\/\/john-furiga-moe.fr\/wp-content\/uploads\/2023\/10\/IMG_1920-2048x1536.jpg 2048w\" sizes=\"(max-width: 1024px) 100vw, 1024px\" \/>\t\t\t\t\t<\/a>\n\t\t\t\t\t\t\t\t\t<\/div>\n\t\t\t\t\t\t<h6 class=\"uagb-post__title uagb-post__text\">\n\t\t\t\t<a href=\"https:\/\/john-furiga-moe.fr\/index.php\/2023\/10\/23\/schirmeck-sanatorium\/\" target=\"_self\" rel=\"bookmark noopener noreferrer\">SCHIRMECK &#8211; Sanatorium<\/a>\n\t\t\t<\/h6>\n\t\t\t\t\t\t<div class='uagb-post__text uagb-post-grid-byline'>\n\t\t\t\t\t\t\t<\/div>\n\t\t\t\n\t\t\t\t\t\t\t\t\t<\/article>\n\t\t\t\t\t\t\t\t\t\t\t\t\t\t\t\t<article class=\"uagb-post__inner-wrap\">\t\t\t\t\t\t\t\t<div class='uagb-post__image'>\n\t\t\t\t\t\t\t\t\t<a href=\"https:\/\/john-furiga-moe.fr\/index.php\/2023\/10\/23\/schirmeck-avenue-de-la-gare\/\" target=\"_self\" rel=\"bookmark noopener noreferrer\"><img loading=\"lazy\" decoding=\"async\" width=\"1024\" height=\"768\" src=\"https:\/\/john-furiga-moe.fr\/wp-content\/uploads\/2023\/10\/IMG_1913-1024x768.jpeg\" class=\"attachment-large size-large\" alt=\"\" srcset=\"https:\/\/john-furiga-moe.fr\/wp-content\/uploads\/2023\/10\/IMG_1913-1024x768.jpeg 1024w, https:\/\/john-furiga-moe.fr\/wp-content\/uploads\/2023\/10\/IMG_1913-300x225.jpeg 300w, https:\/\/john-furiga-moe.fr\/wp-content\/uploads\/2023\/10\/IMG_1913-768x576.jpeg 768w, https:\/\/john-furiga-moe.fr\/wp-content\/uploads\/2023\/10\/IMG_1913-1536x1152.jpeg 1536w, https:\/\/john-furiga-moe.fr\/wp-content\/uploads\/2023\/10\/IMG_1913-2048x1536.jpeg 2048w\" sizes=\"(max-width: 1024px) 100vw, 1024px\" \/>\t\t\t\t\t<\/a>\n\t\t\t\t\t\t\t\t\t<\/div>\n\t\t\t\t\t\t<h6 class=\"uagb-post__title uagb-post__text\">\n\t\t\t\t<a href=\"https:\/\/john-furiga-moe.fr\/index.php\/2023\/10\/23\/schirmeck-avenue-de-la-gare\/\" target=\"_self\" rel=\"bookmark noopener noreferrer\">SCHIRMECK &#8211; Avenue de la Gare<\/a>\n\t\t\t<\/h6>\n\t\t\t\t\t\t<div class='uagb-post__text uagb-post-grid-byline'>\n\t\t\t\t\t\t\t<\/div>\n\t\t\t\n\t\t\t\t\t\t\t\t\t<\/article>\n\t\t\t\t\t\t\t\t\t\t\t\t\t\t\t\t<article class=\"uagb-post__inner-wrap\">\t\t\t\t\t\t\t\t<div class='uagb-post__image'>\n\t\t\t\t\t\t\t\t\t<a href=\"https:\/\/john-furiga-moe.fr\/index.php\/2023\/10\/23\/rothau\/\" target=\"_self\" rel=\"bookmark noopener noreferrer\"><img loading=\"lazy\" decoding=\"async\" width=\"1024\" height=\"768\" src=\"https:\/\/john-furiga-moe.fr\/wp-content\/uploads\/2023\/10\/IMG_2418-1024x768.jpg\" class=\"attachment-large size-large\" alt=\"\" srcset=\"https:\/\/john-furiga-moe.fr\/wp-content\/uploads\/2023\/10\/IMG_2418-1024x768.jpg 1024w, https:\/\/john-furiga-moe.fr\/wp-content\/uploads\/2023\/10\/IMG_2418-300x225.jpg 300w, https:\/\/john-furiga-moe.fr\/wp-content\/uploads\/2023\/10\/IMG_2418-768x576.jpg 768w, https:\/\/john-furiga-moe.fr\/wp-content\/uploads\/2023\/10\/IMG_2418-1536x1152.jpg 1536w, https:\/\/john-furiga-moe.fr\/wp-content\/uploads\/2023\/10\/IMG_2418-rotated.jpg 1632w\" sizes=\"(max-width: 1024px) 100vw, 1024px\" \/>\t\t\t\t\t<\/a>\n\t\t\t\t\t\t\t\t\t<\/div>\n\t\t\t\t\t\t<h6 class=\"uagb-post__title uagb-post__text\">\n\t\t\t\t<a href=\"https:\/\/john-furiga-moe.fr\/index.php\/2023\/10\/23\/rothau\/\" target=\"_self\" rel=\"bookmark noopener noreferrer\">ROTHAU &#8211; Grande Rue<\/a>\n\t\t\t<\/h6>\n\t\t\t\t\t\t<div class='uagb-post__text uagb-post-grid-byline'>\n\t\t\t\t\t\t\t<\/div>\n\t\t\t\n\t\t\t\t\t\t\t\t\t<\/article>\n\t\t\t\t\t\t\t\t\t\t\t<\/div>\n\t\t\t","protected":false},"excerpt":{"rendered":"<p>Projets R\u00e9alis\u00e9es D\u00e9couvrez le r\u00e9sultat de nos r\u00e9novations avec un aper\u00e7u des projets avant et apr\u00e8s les travaux.<\/p>\n","protected":false},"author":1,"featured_media":0,"parent":0,"menu_order":0,"comment_status":"closed","ping_status":"closed","template":"","meta":{"_eb_attr":"","om_disable_all_campaigns":false,"_uag_custom_page_level_css":"","_monsterinsights_skip_tracking":false,"_monsterinsights_sitenote_active":false,"_monsterinsights_sitenote_note":"","_monsterinsights_sitenote_category":0,"_uf_show_specific_survey":0,"_uf_disable_surveys":false,"site-sidebar-layout":"default","site-content-layout":"","ast-site-content-layout":"default","site-content-style":"default","site-sidebar-style":"default","ast-global-header-display":"","ast-banner-title-visibility":"","ast-main-header-display":"","ast-hfb-above-header-display":"","ast-hfb-below-header-display":"","ast-hfb-mobile-header-display":"","site-post-title":"disabled","ast-breadcrumbs-content":"","ast-featured-img":"","footer-sml-layout":"","ast-disable-related-posts":"","theme-transparent-header-meta":"","adv-header-id-meta":"","stick-header-meta":"","header-above-stick-meta":"","header-main-stick-meta":"","header-below-stick-meta":"","astra-migrate-meta-layouts":"","ast-page-background-enabled":"default","ast-page-background-meta":{"desktop":{"background-color":"var(--ast-global-color-4)","background-image":"","background-repeat":"repeat","background-position":"center center","background-size":"auto","background-attachment":"scroll","background-type":"","background-media":"","overlay-type":"","overlay-color":"","overlay-opacity":"","overlay-gradient":""},"tablet":{"background-color":"","background-image":"","background-repeat":"repeat","background-position":"center center","background-size":"auto","background-attachment":"scroll","background-type":"","background-media":"","overlay-type":"","overlay-color":"","overlay-opacity":"","overlay-gradient":""},"mobile":{"background-color":"","background-image":"","background-repeat":"repeat","background-position":"center center","background-size":"auto","background-attachment":"scroll","background-type":"","background-media":"","overlay-type":"","overlay-color":"","overlay-opacity":"","overlay-gradient":""}},"ast-content-background-meta":{"desktop":{"background-color":"var(--ast-global-color-5)","background-image":"","background-repeat":"repeat","background-position":"center center","background-size":"auto","background-attachment":"scroll","background-type":"","background-media":"","overlay-type":"","overlay-color":"","overlay-opacity":"","overlay-gradient":""},"tablet":{"background-color":"var(--ast-global-color-5)","background-image":"","background-repeat":"repeat","background-position":"center center","background-size":"auto","background-attachment":"scroll","background-type":"","background-media":"","overlay-type":"","overlay-color":"","overlay-opacity":"","overlay-gradient":""},"mobile":{"background-color":"var(--ast-global-color-5)","background-image":"","background-repeat":"repeat","background-position":"center center","background-size":"auto","background-attachment":"scroll","background-type":"","background-media":"","overlay-type":"","overlay-color":"","overlay-opacity":"","overlay-gradient":""}},"footnotes":""},"class_list":["post-3202","page","type-page","status-publish","hentry"],"uagb_featured_image_src":{"full":false,"thumbnail":false,"medium":false,"medium_large":false,"large":false,"1536x1536":false,"2048x2048":false},"uagb_author_info":{"display_name":"admin1715","author_link":"https:\/\/john-furiga-moe.fr\/index.php\/author\/admin1715\/"},"uagb_comment_info":0,"uagb_excerpt":"Projets R\u00e9alis\u00e9es D\u00e9couvrez le r\u00e9sultat de nos r\u00e9novations avec un aper\u00e7u des projets avant et apr\u00e8s les travaux.","_links":{"self":[{"href":"https:\/\/john-furiga-moe.fr\/index.php\/wp-json\/wp\/v2\/pages\/3202","targetHints":{"allow":["GET"]}}],"collection":[{"href":"https:\/\/john-furiga-moe.fr\/index.php\/wp-json\/wp\/v2\/pages"}],"about":[{"href":"https:\/\/john-furiga-moe.fr\/index.php\/wp-json\/wp\/v2\/types\/page"}],"author":[{"embeddable":true,"href":"https:\/\/john-furiga-moe.fr\/index.php\/wp-json\/wp\/v2\/users\/1"}],"replies":[{"embeddable":true,"href":"https:\/\/john-furiga-moe.fr\/index.php\/wp-json\/wp\/v2\/comments?post=3202"}],"version-history":[{"count":28,"href":"https:\/\/john-furiga-moe.fr\/index.php\/wp-json\/wp\/v2\/pages\/3202\/revisions"}],"predecessor-version":[{"id":4204,"href":"https:\/\/john-furiga-moe.fr\/index.php\/wp-json\/wp\/v2\/pages\/3202\/revisions\/4204"}],"wp:attachment":[{"href":"https:\/\/john-furiga-moe.fr\/index.php\/wp-json\/wp\/v2\/media?parent=3202"}],"curies":[{"name":"wp","href":"https:\/\/api.w.org\/{rel}","templated":true}]}}