{"id":488,"date":"2023-10-05T10:30:43","date_gmt":"2023-10-05T08:30:43","guid":{"rendered":"https:\/\/john-furiga-mo.com\/?page_id=488"},"modified":"2023-10-25T16:53:35","modified_gmt":"2023-10-25T14:53:35","slug":"mentions-legales","status":"publish","type":"page","link":"https:\/\/john-furiga-moe.fr\/index.php\/mentions-legales\/","title":{"rendered":"Mentions l\u00e9gales"},"content":{"rendered":"<style>.elementor-488 .elementor-element.elementor-element-29b69eb{--display:flex;}.elementor-widget-heading .elementor-heading-title{font-family:var( --e-global-typography-primary-font-family ), Sans-serif;font-size:var( --e-global-typography-primary-font-size );font-weight:var( --e-global-typography-primary-font-weight );line-height:var( --e-global-typography-primary-line-height );color:var( --e-global-color-primary );}.elementor-488 .elementor-element.elementor-element-103fd9b{text-align:center;}.elementor-488 .elementor-element.elementor-element-103fd9b .elementor-heading-title{font-family:\"Helvetica\", Sans-serif;font-size:35px;font-weight:700;line-height:60px;}.elementor-488 .elementor-element.elementor-element-f1580ce{--display:flex;--flex-direction:column;--container-widget-width:100%;--container-widget-height:initial;--container-widget-flex-grow:0;--container-widget-align-self:initial;--flex-wrap-mobile:wrap;--justify-content:center;}.elementor-488 .elementor-element.elementor-element-3aa77f1{--spacer-size:50px;}.elementor-widget-text-editor{font-family:var( --e-global-typography-text-font-family ), Sans-serif;font-size:var( --e-global-typography-text-font-size );font-weight:var( --e-global-typography-text-font-weight );line-height:var( --e-global-typography-text-line-height );color:var( --e-global-color-text );}.elementor-widget-text-editor.elementor-drop-cap-view-stacked .elementor-drop-cap{background-color:var( --e-global-color-primary );}.elementor-widget-text-editor.elementor-drop-cap-view-framed .elementor-drop-cap, .elementor-widget-text-editor.elementor-drop-cap-view-default .elementor-drop-cap{color:var( --e-global-color-primary );border-color:var( --e-global-color-primary );}.elementor-488 .elementor-element.elementor-element-fad2dd4{text-align:start;font-family:\"Helvetica\", Sans-serif;font-size:16px;font-weight:400;line-height:30px;}.elementor-488 .elementor-element.elementor-element-d788bc2{--spacer-size:50px;}@media(min-width:768px){.elementor-488 .elementor-element.elementor-element-f1580ce{--content-width:700px;}}@media(max-width:1024px){.elementor-widget-heading .elementor-heading-title{font-size:var( --e-global-typography-primary-font-size );line-height:var( --e-global-typography-primary-line-height );}.elementor-widget-text-editor{font-size:var( --e-global-typography-text-font-size );line-height:var( --e-global-typography-text-line-height );}}@media(max-width:767px){.elementor-widget-heading .elementor-heading-title{font-size:var( --e-global-typography-primary-font-size );line-height:var( --e-global-typography-primary-line-height );}.elementor-widget-text-editor{font-size:var( --e-global-typography-text-font-size );line-height:var( --e-global-typography-text-line-height );}}<\/style>\t\t<div data-elementor-type=\"wp-page\" data-elementor-id=\"488\" class=\"elementor elementor-488\">\n\t\t\t\t<div class=\"elementor-element elementor-element-29b69eb e-flex e-con-boxed wpr-particle-no wpr-jarallax-no wpr-parallax-no wpr-sticky-section-no wpr-equal-height-no e-con e-parent\" data-id=\"29b69eb\" data-element_type=\"container\" data-e-type=\"container\">\n\t\t\t\t\t<div class=\"e-con-inner\">\n\t\t\t\t<div class=\"elementor-element elementor-element-103fd9b elementor-widget elementor-widget-heading\" data-id=\"103fd9b\" data-element_type=\"widget\" data-e-type=\"widget\" data-widget_type=\"heading.default\">\n\t\t\t\t<div class=\"elementor-widget-container\">\n\t\t\t\t\t<h2 class=\"elementor-heading-title elementor-size-default\">Mentions l\u00e9gales<\/h2>\t\t\t\t<\/div>\n\t\t\t\t<\/div>\n\t\t\t\t\t<\/div>\n\t\t\t\t<\/div>\n\t\t<div class=\"elementor-element elementor-element-f1580ce e-flex e-con-boxed wpr-particle-no wpr-jarallax-no wpr-parallax-no wpr-sticky-section-no wpr-equal-height-no e-con e-parent\" data-id=\"f1580ce\" data-element_type=\"container\" data-e-type=\"container\">\n\t\t\t\t\t<div class=\"e-con-inner\">\n\t\t\t\t<div class=\"elementor-element elementor-element-3aa77f1 elementor-widget elementor-widget-spacer\" data-id=\"3aa77f1\" data-element_type=\"widget\" data-e-type=\"widget\" data-widget_type=\"spacer.default\">\n\t\t\t\t<div class=\"elementor-widget-container\">\n\t\t\t\t\t\t\t<div class=\"elementor-spacer\">\n\t\t\t<div class=\"elementor-spacer-inner\"><\/div>\n\t\t<\/div>\n\t\t\t\t\t\t<\/div>\n\t\t\t\t<\/div>\n\t\t\t\t<div class=\"elementor-element elementor-element-fad2dd4 elementor-widget elementor-widget-text-editor\" data-id=\"fad2dd4\" data-element_type=\"widget\" data-e-type=\"widget\" data-widget_type=\"text-editor.default\">\n\t\t\t\t<div class=\"elementor-widget-container\">\n\t\t\t\t\t\t\t\t\t<div data-testid=\"richTextElement\"><p><span style=\"font-size: 16px;\">Conform\u00e9ment \u00e0 l&rsquo;article 6 de la loi n\u00b0 2004-575 du 21 juin 2004 pour la confiance dans l&rsquo;\u00e9conomie num\u00e9rique, il est pr\u00e9cis\u00e9 aux utilisateurs du site <\/span><a style=\"font-size: 16px; background-color: #ffffff;\" href=\"https:\/\/john-furiga-moe.fr\/\">FURIGA John<\/a><span style=\"font-size: 16px;\"> l&rsquo;identit\u00e9 des diff\u00e9rents intervenants dans le cadre de sa cr\u00e9ation, de sa maintenance et de son suivi:<\/span><\/p><\/div><div data-testid=\"richTextElement\"><h5><span style=\"font-weight: normal;\">Propri\u00e9taire :<\/span><\/h5><h5><span style=\"font-weight: normal;\">FURIGA JOHN MAITRE D&rsquo;OEUVRE\u00a0 <span style=\"font-style: inherit; color: var( --e-global-color-text ); font-family: var( --e-global-typography-text-font-family ), Sans-serif; text-align: var(--text-align); background-color: var(--ast-global-color-5);\">\u00a0<br \/><\/span><span style=\"font-style: inherit; color: var( --e-global-color-text ); font-family: var( --e-global-typography-text-font-family ), Sans-serif; text-align: var(--text-align); background-color: var(--ast-global-color-5);\">953 687 902 R.C.S. Saverne<br \/><\/span><\/span><\/h5><h5><span style=\"font-weight: normal;\">Responsable de publication:<br \/><\/span><\/h5><h5><span style=\"font-weight: normal;\">FURIGA John, FURIGA JOHN MAITRE D&rsquo;OEUVRE &#8211;\u00a0<\/span><span style=\"color: #999999;\"><a style=\"color: #999999;\" href=\"mailto:contact@john-furiga-moe.fr\"><span style=\"font-weight: 400;\">contact@john-furiga-moe.fr<\/span><\/a><\/span><\/h5><h5><span style=\"font-weight: normal;\">H\u00e9bergeur :\u00a0<\/span><\/h5><h5><span style=\"font-weight: normal;\">OVH SAS<br \/><\/span><span style=\"font-weight: normal;\">2 rue Kellermann<br \/><\/span><span style=\"font-weight: normal;\">59100 Roubaix<br \/><\/span><span style=\"font-weight: normal;\">France<\/span><\/h5><h5><span style=\"font-weight: normal;\">Notre site utilise des Cookies essentiels, en naviguant ici vous donnez votre accord \u00e0 leur utilisation.<br \/>Vous pouvez bloquer et supprimer les Cookies sur votre navigateur (se r\u00e9f\u00e9rer aux param\u00e8tres avanc\u00e9s),\u00a0<a href=\"https:\/\/www.cnil.fr\/fr\/cookies-les-outils-pour-les-maitriser\" target=\"_blank\" rel=\"noreferrer noopener\">plus d&rsquo;informations ici<\/a>.<\/span><\/h5><h5><span style=\"font-weight: normal;\">Conform\u00e9ment \u00e0 la r\u00e9glementation Europ\u00e9enne RGPD, vous avez un droit d&rsquo;acc\u00e8s, de modification et de suppression de vos donn\u00e9es personnelles, <a href=\"https:\/\/john-furiga-moe.fr\/index.php\/contact\/\" target=\"_self\">contactez moi. <\/a>\u00a0En cas d&rsquo;usage non consenti de vos donn\u00e9es personnelles, vous \u00eates en droit de d\u00e9poser plainte aupr\u00e8s de la CNIL.<\/span><\/h5><p>M\u00e9diation de la consommation : En cas de litige non r\u00e9solu par une solution amiable et ayant fait l\u2019objet d\u2019une r\u00e9clamation \u00e9crite adress\u00e9e par le client consommateur \u00e0 l\u2019entreprise, vous pouvez soumettre le diff\u00e9rend \u00e0 un m\u00e9diateur de la consommation.<\/p><p>D\u00e9marchage t\u00e9l\u00e9phonique : Vous pouvez vous opposer au d\u00e9marchage t\u00e9l\u00e9phonique en vous inscrivant sur le service Bloctel \u00e0 l&rsquo;adresse\u00a0<a href=\"http:\/\/www.bloctel.gouv.fr\/\" target=\"_blank\" rel=\"noreferrer noopener\">http:\/\/www.bloctel.gouv.fr\/<\/a><\/p><\/div>\t\t\t\t\t\t\t\t<\/div>\n\t\t\t\t<\/div>\n\t\t\t\t<div class=\"elementor-element elementor-element-d788bc2 elementor-widget elementor-widget-spacer\" data-id=\"d788bc2\" data-element_type=\"widget\" data-e-type=\"widget\" data-widget_type=\"spacer.default\">\n\t\t\t\t<div class=\"elementor-widget-container\">\n\t\t\t\t\t\t\t<div class=\"elementor-spacer\">\n\t\t\t<div class=\"elementor-spacer-inner\"><\/div>\n\t\t<\/div>\n\t\t\t\t\t\t<\/div>\n\t\t\t\t<\/div>\n\t\t\t\t\t<\/div>\n\t\t\t\t<\/div>\n\t\t\t\t<\/div>\n\t\t","protected":false},"excerpt":{"rendered":"<p>Mentions l\u00e9gales Conform\u00e9ment \u00e0 l&rsquo;article 6 de la loi n\u00b0 2004-575 du 21 juin 2004 pour la confiance dans l&rsquo;\u00e9conomie num\u00e9rique, il est pr\u00e9cis\u00e9 aux utilisateurs du site FURIGA John l&rsquo;identit\u00e9 des diff\u00e9rents intervenants dans le cadre de sa cr\u00e9ation, de sa maintenance et de son suivi: Propri\u00e9taire : FURIGA JOHN MAITRE D&rsquo;OEUVRE\u00a0 \u00a0953 687 902 R.C.S. Saverne Responsable de publication: FURIGA John, FURIGA JOHN MAITRE D&rsquo;OEUVRE &#8211;\u00a0contact@john-furiga-moe.fr H\u00e9bergeur :\u00a0 OVH SAS2 rue Kellermann59100 RoubaixFrance Notre site utilise des Cookies essentiels, en naviguant ici vous donnez votre accord \u00e0 leur utilisation.Vous pouvez bloquer et supprimer les Cookies sur votre navigateur (se r\u00e9f\u00e9rer aux param\u00e8tres avanc\u00e9s),\u00a0plus d&rsquo;informations ici. Conform\u00e9ment \u00e0 la r\u00e9glementation Europ\u00e9enne RGPD, vous avez un droit d&rsquo;acc\u00e8s, de modification et de suppression de vos donn\u00e9es personnelles, contactez moi. \u00a0En cas d&rsquo;usage non consenti de vos donn\u00e9es personnelles, vous \u00eates en droit de d\u00e9poser plainte aupr\u00e8s de la CNIL. M\u00e9diation de la consommation : En cas de litige non r\u00e9solu par une solution amiable et ayant fait l\u2019objet d\u2019une r\u00e9clamation \u00e9crite adress\u00e9e par le client consommateur \u00e0 l\u2019entreprise, vous pouvez soumettre le diff\u00e9rend \u00e0 un m\u00e9diateur de la consommation. D\u00e9marchage t\u00e9l\u00e9phonique : Vous pouvez vous opposer au d\u00e9marchage t\u00e9l\u00e9phonique en vous inscrivant sur le service Bloctel \u00e0 l&rsquo;adresse\u00a0http:\/\/www.bloctel.gouv.fr\/<\/p>\n","protected":false},"author":1,"featured_media":0,"parent":0,"menu_order":0,"comment_status":"closed","ping_status":"closed","template":"","meta":{"_eb_attr":"","om_disable_all_campaigns":false,"_uag_custom_page_level_css":"","_monsterinsights_skip_tracking":false,"_monsterinsights_sitenote_active":false,"_monsterinsights_sitenote_note":"","_monsterinsights_sitenote_category":0,"_uf_show_specific_survey":0,"_uf_disable_surveys":false,"site-sidebar-layout":"no-sidebar","site-content-layout":"","ast-site-content-layout":"full-width-container","site-content-style":"default","site-sidebar-style":"default","ast-global-header-display":"","ast-banner-title-visibility":"","ast-main-header-display":"","ast-hfb-above-header-display":"","ast-hfb-below-header-display":"","ast-hfb-mobile-header-display":"","site-post-title":"disabled","ast-breadcrumbs-content":"","ast-featured-img":"disabled","footer-sml-layout":"","ast-disable-related-posts":"","theme-transparent-header-meta":"","adv-header-id-meta":"","stick-header-meta":"","header-above-stick-meta":"","header-main-stick-meta":"","header-below-stick-meta":"","astra-migrate-meta-layouts":"default","ast-page-background-enabled":"default","ast-page-background-meta":{"desktop":{"background-color":"var(--ast-global-color-4)","background-image":"","background-repeat":"repeat","background-position":"center center","background-size":"auto","background-attachment":"scroll","background-type":"","background-media":"","overlay-type":"","overlay-color":"","overlay-opacity":"","overlay-gradient":""},"tablet":{"background-color":"","background-image":"","background-repeat":"repeat","background-position":"center center","background-size":"auto","background-attachment":"scroll","background-type":"","background-media":"","overlay-type":"","overlay-color":"","overlay-opacity":"","overlay-gradient":""},"mobile":{"background-color":"","background-image":"","background-repeat":"repeat","background-position":"center center","background-size":"auto","background-attachment":"scroll","background-type":"","background-media":"","overlay-type":"","overlay-color":"","overlay-opacity":"","overlay-gradient":""}},"ast-content-background-meta":{"desktop":{"background-color":"var(--ast-global-color-5)","background-image":"","background-repeat":"repeat","background-position":"center center","background-size":"auto","background-attachment":"scroll","background-type":"","background-media":"","overlay-type":"","overlay-color":"","overlay-opacity":"","overlay-gradient":""},"tablet":{"background-color":"var(--ast-global-color-5)","background-image":"","background-repeat":"repeat","background-position":"center center","background-size":"auto","background-attachment":"scroll","background-type":"","background-media":"","overlay-type":"","overlay-color":"","overlay-opacity":"","overlay-gradient":""},"mobile":{"background-color":"var(--ast-global-color-5)","background-image":"","background-repeat":"repeat","background-position":"center center","background-size":"auto","background-attachment":"scroll","background-type":"","background-media":"","overlay-type":"","overlay-color":"","overlay-opacity":"","overlay-gradient":""}},"footnotes":""},"class_list":["post-488","page","type-page","status-publish","hentry"],"uagb_featured_image_src":{"full":false,"thumbnail":false,"medium":false,"medium_large":false,"large":false,"1536x1536":false,"2048x2048":false},"uagb_author_info":{"display_name":"admin1715","author_link":"https:\/\/john-furiga-moe.fr\/index.php\/author\/admin1715\/"},"uagb_comment_info":0,"uagb_excerpt":"Mentions l\u00e9gales Conform\u00e9ment \u00e0 l&rsquo;article 6 de la loi n\u00b0 2004-575 du 21 juin 2004 pour la confiance dans l&rsquo;\u00e9conomie num\u00e9rique, il est pr\u00e9cis\u00e9 aux utilisateurs du site FURIGA John l&rsquo;identit\u00e9 des diff\u00e9rents intervenants dans le cadre de sa cr\u00e9ation, de sa maintenance et de son suivi: Propri\u00e9taire : FURIGA JOHN MAITRE D&rsquo;OEUVRE\u00a0 \u00a0953 687\u2026","_links":{"self":[{"href":"https:\/\/john-furiga-moe.fr\/index.php\/wp-json\/wp\/v2\/pages\/488","targetHints":{"allow":["GET"]}}],"collection":[{"href":"https:\/\/john-furiga-moe.fr\/index.php\/wp-json\/wp\/v2\/pages"}],"about":[{"href":"https:\/\/john-furiga-moe.fr\/index.php\/wp-json\/wp\/v2\/types\/page"}],"author":[{"embeddable":true,"href":"https:\/\/john-furiga-moe.fr\/index.php\/wp-json\/wp\/v2\/users\/1"}],"replies":[{"embeddable":true,"href":"https:\/\/john-furiga-moe.fr\/index.php\/wp-json\/wp\/v2\/comments?post=488"}],"version-history":[{"count":16,"href":"https:\/\/john-furiga-moe.fr\/index.php\/wp-json\/wp\/v2\/pages\/488\/revisions"}],"predecessor-version":[{"id":3580,"href":"https:\/\/john-furiga-moe.fr\/index.php\/wp-json\/wp\/v2\/pages\/488\/revisions\/3580"}],"wp:attachment":[{"href":"https:\/\/john-furiga-moe.fr\/index.php\/wp-json\/wp\/v2\/media?parent=488"}],"curies":[{"name":"wp","href":"https:\/\/api.w.org\/{rel}","templated":true}]}}